{"id":399,"date":"2022-01-12T16:17:25","date_gmt":"2022-01-12T15:17:25","guid":{"rendered":"https:\/\/nonnabianca.net\/home\/"},"modified":"2025-03-28T09:35:25","modified_gmt":"2025-03-28T08:35:25","slug":"homepage-it","status":"publish","type":"page","link":"https:\/\/nonnabianca.net\/de\/homepage-it\/","title":{"rendered":"Homepage DE"},"content":{"rendered":"<div id='fullscreen_slider_1'  class='avia-fullscreen-slider main_color   avia-builder-el-0  el_before_av_section  avia-builder-el-first   container_wrap fullsize'  ><a href='#next-section' title='' class='scroll-down-link av-control-hidden' aria-hidden='true' data-av_icon='\ue877' data-av_iconfont='entypo-fontello'><\/a><div   data-size='extra_large'  data-lightbox_size='large'  data-animation='slide_up'  data-conditional_play=''  data-ids='1091'  data-video_counter='0'  data-autoplay='true'  data-bg_slider='true'  data-slide_height='100'  data-handle='av_fullscreen'  data-interval='5'  data-class=' '  data-el_id=''  data-css_id='fullscreen_slider_1'  data-scroll_down='aviaTBscroll_down'  data-control_layout='av-control-hidden'  data-custom_markup=''  data-perma_caption='aviaTBperma_caption'  data-autoplay_stopper=''  data-image_attachment=''  data-min_height='0px'  data-lazy_loading='disabled'  data-stretch=''  data-img_scrset=''  data-default-height='100'  class='avia-slideshow avia-slideshow-1 av-slider-scroll-down-active av-control-hidden av-default-height-applied avia-slideshow-extra_large av_fullscreen   avia-slide_up-slider '  itemprop=\"image\" itemscope=\"itemscope\" itemtype=\"https:\/\/schema.org\/ImageObject\" ><ul class='avia-slideshow-inner ' style='padding-bottom: 66.666666666667%;' ><li style='background-position:center center;' data-img-url='https:\/\/nonnabianca.net\/wp-content\/uploads\/2025\/01\/ale_salvaggio_nonna-bianca-052948-1500x1000.jpg' class=' av-single-slide slide-1 ' ><div data-rel='slideshow-1' class='avia-slide-wrap '   ><\/div><\/li><\/ul><div class = \"caption_fullwidth av-slideshow-caption caption_bottom\"><div class = \"container caption_container\"><div class = \"slideshow_caption\"><div class = \"slideshow_inner_caption\"><div class = \"slideshow_align_caption\"><div class='avia-caption-content  '  itemprop=\"description\"  ><p><img decoding=\"async\" alt=\"montaione restaurant\" title=\"montaione restaurant\" src=\"https:\/\/nonnabianca.net\/wp-content\/uploads\/2024\/06\/hero-home-claim-eng.png\" \/><\/p>\n<\/div><\/div><\/div><\/div><\/div><\/div><\/div><\/div>\n<div id='av_section_1'  class='avia-section av-1n8ad-c65f2976866ef5cf0c280c47b6dda834 footer_color avia-section-small avia-no-border-styling  avia-builder-el-1  el_after_av_fullscreen  el_before_av_section  avia-bg-style-scroll container_wrap fullsize'  ><div class='container av-section-cont-open' ><div class='template-page content  av-content-full alpha units'><div class='post-entry post-entry-type-page post-entry-399'><div class='entry-content-wrapper clearfix'>\n<div  class='avia-button-wrap avia-button-center  avia-builder-el-2  avia-builder-el-no-sibling ' >\n<style type=\"text\/css\" data-created_by=\"avia_inline_auto\" id=\"style-css-av-15lkd-c7c00b8d5e2bec75640fd3b3293f5802\">\n#top #wrap_all .avia-button.av-15lkd-c7c00b8d5e2bec75640fd3b3293f5802:hover{\ncolor:white;\ntransition:all 0.4s ease-in-out;\n-webkit-transition:all 0.4s ease-in-out;\n-moz-transition:all 0.4s ease-in-out;\n-ms-transition:all 0.4s ease-in-out;\n-o-transition:all 0.4s ease-in-out;\n}\n<\/style>\n<a href='https:\/\/ristorantenonnabianca.plateform.app\/welcome' class='avia-color-theme-color avia-font-color-theme-color avia-button avia-button-fullwidth av-15lkd-c7c00b8d5e2bec75640fd3b3293f5802 avia-icon_select-no avia-color-theme-color' ><span class='avia_iconbox_title' >Einen Tisch reservieren<\/span><span class='avia_button_background avia-button avia-button-fullwidth avia-color-theme-color-highlight'><\/span><\/a><\/div>\n\n<\/div><\/div><\/div><!-- close content main div --><\/div><\/div><div id='storia'  class='avia-section av-av_section-eec24d2cf9948354714e167c6869885b main_color avia-section-large avia-no-border-styling  avia-builder-el-3  el_after_av_section  avia-builder-el-last  avia-bg-style-scroll container_wrap fullsize'  ><div class='container av-section-cont-open' ><div class='template-page content  av-content-full alpha units'><div class='post-entry post-entry-type-page post-entry-399'><div class='entry-content-wrapper clearfix'>\n<section  class='av_textblock_section av-m8sj1vea-6e595c6dfa0b57ba365d79b6201d45e7'  itemscope=\"itemscope\" itemtype=\"https:\/\/schema.org\/CreativeWork\" ><div class='avia_textblock'  itemprop=\"text\" ><h3>Agri restaurant Nonna Bianca: Genuss und Tradition<\/h3>\n<p>Nonna Bianca ist das neue <strong>Agri Restaurant<\/strong> in Iano, Montaione, im <strong>\u00d6ko-Bio-Bauernhof Belmonte Vacanze<\/strong>.<br \/>\nDer Blick von der Panoramaterrasse \u00fcber die H\u00fcgel der Toskana ist atemberaubend. Und die orangefarbenen Sonnenunterg\u00e4nge sind magisch.<\/p>\n<p>Nonna Bianca (Oma Bianca) bietet Ihnen das Beste der <strong>traditionellen toskanischen K\u00fcche<\/strong>, basierend auf Rezepten, die seit Generationen von unserer Familie hergestellt werden. Wir verwenden <strong>hochwertige Zutaten<\/strong> und ber\u00fccksichtigen insbesondere die <strong>saisonale Verf\u00fcgbarkeit<\/strong>.<br \/>\n<strong>In unserer K\u00fcche werden Geschmack und Qualit\u00e4t ganz gro\u00dfgeschrieben<\/strong>, um f\u00fcr Sie authentische, typisch toskanische Gerichte kreieren zu k\u00f6nnen. Die sch\u00f6ne Aussicht auf der Terrasse und aus den gro\u00dfen Fenstern des Restaurants heraus wird Ihnen einen <strong>unvergesslichen Abend bescheren<\/strong>.<\/p>\n<\/div><\/section>\n\n","protected":false},"excerpt":{"rendered":"","protected":false},"author":1,"featured_media":0,"parent":0,"menu_order":0,"comment_status":"closed","ping_status":"closed","template":"","meta":{"footnotes":""},"class_list":["post-399","page","type-page","status-publish","hentry"],"yoast_head":"<!-- This site is optimized with the Yoast SEO plugin v27.3 - https:\/\/yoast.com\/product\/yoast-seo-wordpress\/ -->\n<title>Ristorante Nonna Bianca a Iano, Montaione<\/title>\n<meta name=\"description\" content=\"Nonna Bianca \u00e8 l&#039;agriristorante all&#039; interno dell&#039; agriturismo biologico Belmonte Vacanze a Iano, Montaione in Toscana\" \/>\n<meta name=\"robots\" content=\"index, follow, max-snippet:-1, max-image-preview:large, max-video-preview:-1\" \/>\n<link rel=\"canonical\" href=\"https:\/\/nonnabianca.net\/de\/homepage-it\/\" \/>\n<meta property=\"og:locale\" content=\"de_DE\" \/>\n<meta property=\"og:type\" content=\"article\" \/>\n<meta property=\"og:title\" content=\"Ristorante Nonna Bianca a Iano, Montaione\" \/>\n<meta property=\"og:description\" content=\"Nonna Bianca \u00e8 l&#039;agriristorante all&#039; interno dell&#039; agriturismo biologico Belmonte Vacanze a Iano, Montaione in Toscana\" \/>\n<meta property=\"og:url\" content=\"https:\/\/nonnabianca.net\/de\/homepage-it\/\" \/>\n<meta property=\"og:site_name\" content=\"Ristorante Montaione Nonna Bianca\" \/>\n<meta property=\"article:modified_time\" content=\"2025-03-28T08:35:25+00:00\" \/>\n<meta property=\"og:image\" content=\"https:\/\/nonnabianca.net\/wp-content\/uploads\/2024\/06\/hero-home-claim-eng.png\" \/>\n<meta name=\"twitter:card\" content=\"summary_large_image\" \/>\n<meta name=\"twitter:label1\" content=\"Gesch\u00e4tzte Lesezeit\" \/>\n\t<meta name=\"twitter:data1\" content=\"2\u00a0Minuten\" \/>\n<script type=\"application\/ld+json\" class=\"yoast-schema-graph\">{\"@context\":\"https:\\\/\\\/schema.org\",\"@graph\":[{\"@type\":\"WebPage\",\"@id\":\"https:\\\/\\\/nonnabianca.net\\\/de\\\/homepage-it\\\/\",\"url\":\"https:\\\/\\\/nonnabianca.net\\\/de\\\/homepage-it\\\/\",\"name\":\"Ristorante Nonna Bianca a Iano, Montaione\",\"isPartOf\":{\"@id\":\"https:\\\/\\\/nonnabianca.net\\\/de\\\/#website\"},\"primaryImageOfPage\":{\"@id\":\"https:\\\/\\\/nonnabianca.net\\\/de\\\/homepage-it\\\/#primaryimage\"},\"image\":{\"@id\":\"https:\\\/\\\/nonnabianca.net\\\/de\\\/homepage-it\\\/#primaryimage\"},\"thumbnailUrl\":\"https:\\\/\\\/nonnabianca.net\\\/wp-content\\\/uploads\\\/2024\\\/06\\\/hero-home-claim-eng.png\",\"datePublished\":\"2022-01-12T15:17:25+00:00\",\"dateModified\":\"2025-03-28T08:35:25+00:00\",\"description\":\"Nonna Bianca \u00e8 l'agriristorante all' interno dell' agriturismo biologico Belmonte Vacanze a Iano, Montaione in Toscana\",\"breadcrumb\":{\"@id\":\"https:\\\/\\\/nonnabianca.net\\\/de\\\/homepage-it\\\/#breadcrumb\"},\"inLanguage\":\"de\",\"potentialAction\":[{\"@type\":\"ReadAction\",\"target\":[\"https:\\\/\\\/nonnabianca.net\\\/de\\\/homepage-it\\\/\"]}]},{\"@type\":\"ImageObject\",\"inLanguage\":\"de\",\"@id\":\"https:\\\/\\\/nonnabianca.net\\\/de\\\/homepage-it\\\/#primaryimage\",\"url\":\"https:\\\/\\\/nonnabianca.net\\\/wp-content\\\/uploads\\\/2024\\\/06\\\/hero-home-claim-eng.png\",\"contentUrl\":\"https:\\\/\\\/nonnabianca.net\\\/wp-content\\\/uploads\\\/2024\\\/06\\\/hero-home-claim-eng.png\"},{\"@type\":\"BreadcrumbList\",\"@id\":\"https:\\\/\\\/nonnabianca.net\\\/de\\\/homepage-it\\\/#breadcrumb\",\"itemListElement\":[{\"@type\":\"ListItem\",\"position\":1,\"name\":\"Home\",\"item\":\"https:\\\/\\\/nonnabianca.net\\\/de\\\/\"},{\"@type\":\"ListItem\",\"position\":2,\"name\":\"Homepage DE\"}]},{\"@type\":\"WebSite\",\"@id\":\"https:\\\/\\\/nonnabianca.net\\\/de\\\/#website\",\"url\":\"https:\\\/\\\/nonnabianca.net\\\/de\\\/\",\"name\":\"Ristorante Montaione Nonna Bianca\",\"description\":\"Cucina Toscana con Vista\",\"publisher\":{\"@id\":\"https:\\\/\\\/nonnabianca.net\\\/de\\\/#organization\"},\"potentialAction\":[{\"@type\":\"SearchAction\",\"target\":{\"@type\":\"EntryPoint\",\"urlTemplate\":\"https:\\\/\\\/nonnabianca.net\\\/de\\\/?s={search_term_string}\"},\"query-input\":{\"@type\":\"PropertyValueSpecification\",\"valueRequired\":true,\"valueName\":\"search_term_string\"}}],\"inLanguage\":\"de\"},{\"@type\":\"Organization\",\"@id\":\"https:\\\/\\\/nonnabianca.net\\\/de\\\/#organization\",\"name\":\"Ristorante Nonna Bianca\",\"url\":\"https:\\\/\\\/nonnabianca.net\\\/de\\\/\",\"logo\":{\"@type\":\"ImageObject\",\"inLanguage\":\"de\",\"@id\":\"https:\\\/\\\/nonnabianca.net\\\/de\\\/#\\\/schema\\\/logo\\\/image\\\/\",\"url\":\"https:\\\/\\\/nonnabianca.net\\\/wp-content\\\/uploads\\\/2022\\\/01\\\/logo-ristorante-montaione-1.png\",\"contentUrl\":\"https:\\\/\\\/nonnabianca.net\\\/wp-content\\\/uploads\\\/2022\\\/01\\\/logo-ristorante-montaione-1.png\",\"width\":156,\"height\":156,\"caption\":\"Ristorante Nonna Bianca\"},\"image\":{\"@id\":\"https:\\\/\\\/nonnabianca.net\\\/de\\\/#\\\/schema\\\/logo\\\/image\\\/\"}}]}<\/script>\n<!-- \/ Yoast SEO plugin. -->","yoast_head_json":{"title":"Ristorante Nonna Bianca a Iano, Montaione","description":"Nonna Bianca \u00e8 l'agriristorante all' interno dell' agriturismo biologico Belmonte Vacanze a Iano, Montaione in Toscana","robots":{"index":"index","follow":"follow","max-snippet":"max-snippet:-1","max-image-preview":"max-image-preview:large","max-video-preview":"max-video-preview:-1"},"canonical":"https:\/\/nonnabianca.net\/de\/homepage-it\/","og_locale":"de_DE","og_type":"article","og_title":"Ristorante Nonna Bianca a Iano, Montaione","og_description":"Nonna Bianca \u00e8 l'agriristorante all' interno dell' agriturismo biologico Belmonte Vacanze a Iano, Montaione in Toscana","og_url":"https:\/\/nonnabianca.net\/de\/homepage-it\/","og_site_name":"Ristorante Montaione Nonna Bianca","article_modified_time":"2025-03-28T08:35:25+00:00","og_image":[{"url":"https:\/\/nonnabianca.net\/wp-content\/uploads\/2024\/06\/hero-home-claim-eng.png","type":"","width":"","height":""}],"twitter_card":"summary_large_image","twitter_misc":{"Gesch\u00e4tzte Lesezeit":"2\u00a0Minuten"},"schema":{"@context":"https:\/\/schema.org","@graph":[{"@type":"WebPage","@id":"https:\/\/nonnabianca.net\/de\/homepage-it\/","url":"https:\/\/nonnabianca.net\/de\/homepage-it\/","name":"Ristorante Nonna Bianca a Iano, Montaione","isPartOf":{"@id":"https:\/\/nonnabianca.net\/de\/#website"},"primaryImageOfPage":{"@id":"https:\/\/nonnabianca.net\/de\/homepage-it\/#primaryimage"},"image":{"@id":"https:\/\/nonnabianca.net\/de\/homepage-it\/#primaryimage"},"thumbnailUrl":"https:\/\/nonnabianca.net\/wp-content\/uploads\/2024\/06\/hero-home-claim-eng.png","datePublished":"2022-01-12T15:17:25+00:00","dateModified":"2025-03-28T08:35:25+00:00","description":"Nonna Bianca \u00e8 l'agriristorante all' interno dell' agriturismo biologico Belmonte Vacanze a Iano, Montaione in Toscana","breadcrumb":{"@id":"https:\/\/nonnabianca.net\/de\/homepage-it\/#breadcrumb"},"inLanguage":"de","potentialAction":[{"@type":"ReadAction","target":["https:\/\/nonnabianca.net\/de\/homepage-it\/"]}]},{"@type":"ImageObject","inLanguage":"de","@id":"https:\/\/nonnabianca.net\/de\/homepage-it\/#primaryimage","url":"https:\/\/nonnabianca.net\/wp-content\/uploads\/2024\/06\/hero-home-claim-eng.png","contentUrl":"https:\/\/nonnabianca.net\/wp-content\/uploads\/2024\/06\/hero-home-claim-eng.png"},{"@type":"BreadcrumbList","@id":"https:\/\/nonnabianca.net\/de\/homepage-it\/#breadcrumb","itemListElement":[{"@type":"ListItem","position":1,"name":"Home","item":"https:\/\/nonnabianca.net\/de\/"},{"@type":"ListItem","position":2,"name":"Homepage DE"}]},{"@type":"WebSite","@id":"https:\/\/nonnabianca.net\/de\/#website","url":"https:\/\/nonnabianca.net\/de\/","name":"Ristorante Montaione Nonna Bianca","description":"Cucina Toscana con Vista","publisher":{"@id":"https:\/\/nonnabianca.net\/de\/#organization"},"potentialAction":[{"@type":"SearchAction","target":{"@type":"EntryPoint","urlTemplate":"https:\/\/nonnabianca.net\/de\/?s={search_term_string}"},"query-input":{"@type":"PropertyValueSpecification","valueRequired":true,"valueName":"search_term_string"}}],"inLanguage":"de"},{"@type":"Organization","@id":"https:\/\/nonnabianca.net\/de\/#organization","name":"Ristorante Nonna Bianca","url":"https:\/\/nonnabianca.net\/de\/","logo":{"@type":"ImageObject","inLanguage":"de","@id":"https:\/\/nonnabianca.net\/de\/#\/schema\/logo\/image\/","url":"https:\/\/nonnabianca.net\/wp-content\/uploads\/2022\/01\/logo-ristorante-montaione-1.png","contentUrl":"https:\/\/nonnabianca.net\/wp-content\/uploads\/2022\/01\/logo-ristorante-montaione-1.png","width":156,"height":156,"caption":"Ristorante Nonna Bianca"},"image":{"@id":"https:\/\/nonnabianca.net\/de\/#\/schema\/logo\/image\/"}}]}},"_links":{"self":[{"href":"https:\/\/nonnabianca.net\/de\/wp-json\/wp\/v2\/pages\/399","targetHints":{"allow":["GET"]}}],"collection":[{"href":"https:\/\/nonnabianca.net\/de\/wp-json\/wp\/v2\/pages"}],"about":[{"href":"https:\/\/nonnabianca.net\/de\/wp-json\/wp\/v2\/types\/page"}],"author":[{"embeddable":true,"href":"https:\/\/nonnabianca.net\/de\/wp-json\/wp\/v2\/users\/1"}],"replies":[{"embeddable":true,"href":"https:\/\/nonnabianca.net\/de\/wp-json\/wp\/v2\/comments?post=399"}],"version-history":[{"count":38,"href":"https:\/\/nonnabianca.net\/de\/wp-json\/wp\/v2\/pages\/399\/revisions"}],"predecessor-version":[{"id":1426,"href":"https:\/\/nonnabianca.net\/de\/wp-json\/wp\/v2\/pages\/399\/revisions\/1426"}],"wp:attachment":[{"href":"https:\/\/nonnabianca.net\/de\/wp-json\/wp\/v2\/media?parent=399"}],"curies":[{"name":"wp","href":"https:\/\/api.w.org\/{rel}","templated":true}]}}